{"id":1631,"date":"2025-06-07T23:57:18","date_gmt":"2025-06-07T23:57:18","guid":{"rendered":"https:\/\/ravintolakeha3.fi\/wp\/?page_id=1631"},"modified":"2025-06-15T11:01:18","modified_gmt":"2025-06-15T11:01:18","slug":"keskiviikko","status":"publish","type":"page","link":"https:\/\/ravintolakeha3.fi\/wp\/keskiviikko\/","title":{"rendered":"Keskiviikko"},"content":{"rendered":"\t\t<div data-elementor-type=\"wp-post\" data-elementor-id=\"1631\" class=\"elementor elementor-1631\">\n\t\t\t\t\t\t<section class=\"elementor-section elementor-top-section elementor-element elementor-element-c188369 elementor-section-boxed elementor-section-height-default elementor-section-height-default\" data-id=\"c188369\" data-element_type=\"section\">\n\t\t\t\t\t\t<div class=\"elementor-container elementor-column-gap-default\">\n\t\t\t\t\t<div class=\"elementor-column elementor-col-100 elementor-top-column elementor-element elementor-element-31f385f\" data-id=\"31f385f\" data-element_type=\"column\">\n\t\t\t<div class=\"elementor-widget-wrap elementor-element-populated\">\n\t\t\t\t\t\t<div class=\"elementor-element elementor-element-b6fe308 elementor-widget elementor-widget-heading\" data-id=\"b6fe308\" data-element_type=\"widget\" data-widget_type=\"heading.default\">\n\t\t\t\t<div class=\"elementor-widget-container\">\n\t\t\t\t\t<h2 class=\"elementor-heading-title elementor-size-default\">Tervetuloa Ravintola KEH\u00c4 III:een!<br><br>\n\nTarjoamme monipuolisen ja maistuvan lounaan arkisin klo 10.00\u201315.00.\nLounaan hinta on 13 \u20ac ja siihen sis\u00e4ltyy: <br> <br>\n\ud83c\udf7d\ufe0f Runsas salaattibuffet <br>\n\ud83e\udd56 Tuore leip\u00e4  <br>\n\u2615 Kahvi \/ tee  <br>\n\ud83c\udf79 Mehu ja maito  <br>\n\ud83c\udf70 J\u00e4lkiruoka (vaihtelee p\u00e4ivitt\u00e4in) <br> <br>\n\nErikoishinnat: <br>\n\ud83d\udc74 El\u00e4kel\u00e4iset: 12 \u20ac <br>\n\ud83d\udc76 Lapset (4\u201311 v): 8 \u20ac <br>\n\ud83e\udd57 Salaattibuffet erikseen: 10 \u20ac <br> <br>\n\nTervetuloa nauttimaan hyv\u00e4st\u00e4 ruoasta ja viihtyis\u00e4st\u00e4 tunnelmasta!<\/h2>\t\t\t\t<\/div>\n\t\t\t\t<\/div>\n\t\t\t\t\t<\/div>\n\t\t<\/div>\n\t\t\t\t\t<\/div>\n\t\t<\/section>\n\t\t\t\t<section class=\"elementor-section elementor-top-section elementor-element elementor-element-4a0516c elementor-section-boxed elementor-section-height-default elementor-section-height-default\" data-id=\"4a0516c\" data-element_type=\"section\">\n\t\t\t\t\t\t<div class=\"elementor-container elementor-column-gap-default\">\n\t\t\t\t\t<div class=\"elementor-column elementor-col-100 elementor-top-column elementor-element elementor-element-ec0ff98\" data-id=\"ec0ff98\" data-element_type=\"column\">\n\t\t\t<div class=\"elementor-widget-wrap elementor-element-populated\">\n\t\t\t\t\t\t<div class=\"elementor-element elementor-element-39488cc elementor-widget elementor-widget-delicios-food-menu\" data-id=\"39488cc\" data-element_type=\"widget\" data-widget_type=\"delicios-food-menu.default\">\n\t\t\t\t<div class=\"elementor-widget-container\">\n\t\t\t\t\t                   \n                        <div class=\"row menu-section\"> \n                                 <div class=\"menu-block col-xs-12 col-md-12 col-sm-12\"> \n                     <div class=\"inner-box\"> \n                                                   <span class=\"menu-tag\">\n                                                         <\/span>\n                                                <div class=\"info clearfix\">\n                              <h3 class=\"post-title pull-left\">\n                                 23\/06\/2025- 27\/06\/2025                              <\/h3> \n                              <h3 class=\"price pull-right\"><i> <\/i> <\/h3>\n                                 \n                        <\/div>\n                        <p class=\"ingradien-text\"> \n                                                   <\/p>\n                     <\/div>\n                  <\/div>\n                                             <\/div>\n\n                   \n           \n      \t\t\t\t<\/div>\n\t\t\t\t<\/div>\n\t\t\t\t<div class=\"elementor-element elementor-element-6f22519 elementor-widget elementor-widget-delicios-title\" data-id=\"6f22519\" data-element_type=\"widget\" data-widget_type=\"delicios-title.default\">\n\t\t\t\t<div class=\"elementor-widget-container\">\n\t\t\t\t\t\n\t\t<div class=\"ts-section-title title-center\">\n\t\t\t<h2 class=\"section-title \">\n\t\t\t\t<span>Keskiviikko<\/span>\t\t\t<\/h2>\n\t\t\t\t\t\t\t<i class=\"icon icon-title\"><\/i>\n\t\t\t\t\t\t\n\t\t<\/div>\n\n\t\t\t\t<\/div>\n\t\t\t\t<\/div>\n\t\t\t\t<section class=\"elementor-section elementor-inner-section elementor-element elementor-element-d4c93ca elementor-section-boxed elementor-section-height-default elementor-section-height-default\" data-id=\"d4c93ca\" data-element_type=\"section\">\n\t\t\t\t\t\t<div class=\"elementor-container elementor-column-gap-default\">\n\t\t\t\t\t<div class=\"elementor-column elementor-col-100 elementor-inner-column elementor-element elementor-element-c264d0f\" data-id=\"c264d0f\" data-element_type=\"column\">\n\t\t\t<div class=\"elementor-widget-wrap elementor-element-populated\">\n\t\t\t\t\t\t<div class=\"elementor-element elementor-element-4b7386b elementor-widget elementor-widget-delicios-food-menu\" data-id=\"4b7386b\" data-element_type=\"widget\" data-widget_type=\"delicios-food-menu.default\">\n\t\t\t\t<div class=\"elementor-widget-container\">\n\t\t\t\t\t                   \n                        <div class=\"row menu-section\"> \n                                 <div class=\"menu-block col-xs-12 col-md-12 col-sm-12\"> \n                     <div class=\"inner-box\"> \n                                                   <span class=\"menu-tag\">\n                                                         <\/span>\n                                                <div class=\"info clearfix\">\n                              <h3 class=\"post-title pull-left\">\n                                 P\u00e4iv\u00e4n Pizza                              <\/h3> \n                              <h3 class=\"price pull-right\"><i> <\/i> <\/h3>\n                                 \n                        <\/div>\n                        <p class=\"ingradien-text\"> \n                                                   <\/p>\n                     <\/div>\n                  <\/div>\n                                                   <div class=\"menu-block col-xs-12 col-md-12 col-sm-12\"> \n                     <div class=\"inner-box\"> \n                                                   <span class=\"menu-tag\">\n                                                         <\/span>\n                                                <div class=\"info clearfix\">\n                              <h3 class=\"post-title pull-left\">\n                                 Kana kebab(currykastike)                              <\/h3> \n                              <h3 class=\"price pull-right\"><i> <\/i> <\/h3>\n                                 \n                        <\/div>\n                        <p class=\"ingradien-text\"> \n                                                   <\/p>\n                     <\/div>\n                  <\/div>\n                                                   <div class=\"menu-block col-xs-12 col-md-12 col-sm-12\"> \n                     <div class=\"inner-box\"> \n                                                   <span class=\"menu-tag\">\n                                                         <\/span>\n                                                <div class=\"info clearfix\">\n                              <h3 class=\"post-title pull-left\">\n                                 Paneroitu silakka ( kurkkumajoneesi)                              <\/h3> \n                              <h3 class=\"price pull-right\"><i> <\/i> <\/h3>\n                                 \n                        <\/div>\n                        <p class=\"ingradien-text\"> \n                                                   <\/p>\n                     <\/div>\n                  <\/div>\n                                                   <div class=\"menu-block col-xs-12 col-md-12 col-sm-12\"> \n                     <div class=\"inner-box\"> \n                                                   <span class=\"menu-tag\">\n                                                         <\/span>\n                                                <div class=\"info clearfix\">\n                              <h3 class=\"post-title pull-left\">\n                                 Jauheliha-vihanneslaatikko valkokastikkeella                              <\/h3> \n                              <h3 class=\"price pull-right\"><i> <\/i> <\/h3>\n                                 \n                        <\/div>\n                        <p class=\"ingradien-text\"> \n                                                   <\/p>\n                     <\/div>\n                  <\/div>\n                                                   <div class=\"menu-block col-xs-12 col-md-12 col-sm-12\"> \n                     <div class=\"inner-box\"> \n                                                   <span class=\"menu-tag\">\n                                                         <\/span>\n                                                <div class=\"info clearfix\">\n                              <h3 class=\"post-title pull-left\">\n                                 Riisi, Ranskalaiset,perunamuusi                              <\/h3> \n                              <h3 class=\"price pull-right\"><i> <\/i> <\/h3>\n                                 \n                        <\/div>\n                        <p class=\"ingradien-text\"> \n                                                   <\/p>\n                     <\/div>\n                  <\/div>\n                                             <\/div>\n\n                   \n           \n      \t\t\t\t<\/div>\n\t\t\t\t<\/div>\n\t\t\t\t\t<\/div>\n\t\t<\/div>\n\t\t\t\t\t<\/div>\n\t\t<\/section>\n\t\t\t\t\t<\/div>\n\t\t<\/div>\n\t\t\t\t\t<\/div>\n\t\t<\/section>\n\t\t\t\t<section class=\"elementor-section elementor-top-section elementor-element elementor-element-b40befa elementor-section-boxed elementor-section-height-default elementor-section-height-default\" data-id=\"b40befa\" data-element_type=\"section\">\n\t\t\t\t\t\t<div class=\"elementor-container elementor-column-gap-default\">\n\t\t\t\t\t<div class=\"elementor-column elementor-col-100 elementor-top-column elementor-element elementor-element-d33e976\" data-id=\"d33e976\" data-element_type=\"column\">\n\t\t\t<div class=\"elementor-widget-wrap elementor-element-populated\">\n\t\t\t\t\t\t<div class=\"elementor-element elementor-element-ded9937 elementor-widget elementor-widget-heading\" data-id=\"ded9937\" data-element_type=\"widget\" data-widget_type=\"heading.default\">\n\t\t\t\t<div class=\"elementor-widget-container\">\n\t\t\t\t\t<h2 class=\"elementor-heading-title elementor-size-default\">Hyv\u00e4\u00e4 ruokahalua. <br>\nLis\u00e4tietoja: www.ravintolakeha3.fi <br>\nOsoite: Virkatie 7, 01510 Vantaa <br>\nSeuraa meit\u00e4 Facebookissa: Ravintola Keh\u00e4 III\nPid\u00e4t\u00e4mme oikeuden muutoksiin ruokalistassa.<\/h2>\t\t\t\t<\/div>\n\t\t\t\t<\/div>\n\t\t\t\t\t<\/div>\n\t\t<\/div>\n\t\t\t\t\t<\/div>\n\t\t<\/section>\n\t\t\t\t<\/div>\n\t\t","protected":false},"excerpt":{"rendered":"<p>Tervetuloa Ravintola KEH\u00c4 III:een! Tarjoamme monipuolisen ja maistuvan lounaan arkisin klo 10.00\u201315.00. Lounaan hinta on 13 \u20ac ja siihen sis\u00e4ltyy: \ud83c\udf7d\ufe0f Runsas salaattibuffet \ud83e\udd56 Tuore leip\u00e4 \u2615 Kahvi \/ tee \ud83c\udf79 Mehu ja maito \ud83c\udf70 J\u00e4lkiruoka (vaihtelee p\u00e4ivitt\u00e4in) Erikoishinnat: \ud83d\udc74 El\u00e4kel\u00e4iset: 12 \u20ac \ud83d\udc76 Lapset (4\u201311 v): 8 \u20ac \ud83e\udd57 Salaattibuffet erikseen: 10 \u20ac Tervetuloa [&hellip;]<\/p>\n","protected":false},"author":1,"featured_media":0,"parent":0,"menu_order":0,"comment_status":"closed","ping_status":"closed","template":"template\/full-width-template.php","meta":{"om_disable_all_campaigns":false,"footnotes":""},"class_list":["post-1631","page","type-page","status-publish","hentry"],"_links":{"self":[{"href":"https:\/\/ravintolakeha3.fi\/wp\/wp-json\/wp\/v2\/pages\/1631","targetHints":{"allow":["GET"]}}],"collection":[{"href":"https:\/\/ravintolakeha3.fi\/wp\/wp-json\/wp\/v2\/pages"}],"about":[{"href":"https:\/\/ravintolakeha3.fi\/wp\/wp-json\/wp\/v2\/types\/page"}],"author":[{"embeddable":true,"href":"https:\/\/ravintolakeha3.fi\/wp\/wp-json\/wp\/v2\/users\/1"}],"replies":[{"embeddable":true,"href":"https:\/\/ravintolakeha3.fi\/wp\/wp-json\/wp\/v2\/comments?post=1631"}],"version-history":[{"count":10,"href":"https:\/\/ravintolakeha3.fi\/wp\/wp-json\/wp\/v2\/pages\/1631\/revisions"}],"predecessor-version":[{"id":1797,"href":"https:\/\/ravintolakeha3.fi\/wp\/wp-json\/wp\/v2\/pages\/1631\/revisions\/1797"}],"wp:attachment":[{"href":"https:\/\/ravintolakeha3.fi\/wp\/wp-json\/wp\/v2\/media?parent=1631"}],"curies":[{"name":"wp","href":"https:\/\/api.w.org\/{rel}","templated":true}]}}